{"id":29,"date":"2026-02-23T18:11:54","date_gmt":"2026-02-23T17:11:54","guid":{"rendered":"http:\/\/neu-rolfzielke.de\/?page_id=29"},"modified":"2026-04-24T18:31:06","modified_gmt":"2026-04-24T16:31:06","slug":"cds","status":"publish","type":"page","link":"https:\/\/rolfzielke.de\/?page_id=29","title":{"rendered":"CDs"},"content":{"rendered":"\n<div class=\"wp-block-media-text alignwide is-stacked-on-mobile\" style=\"grid-template-columns:23% auto\"><figure class=\"wp-block-media-text__media\"><img loading=\"lazy\" decoding=\"async\" width=\"294\" height=\"294\" src=\"http:\/\/rolfzielke.de\/wp-content\/uploads\/2026\/02\/Beaches-In-Your-Soul-Cover-rechts-geschnitten-kleiner.jpg\" alt=\"\" class=\"wp-image-76 size-full\" srcset=\"https:\/\/rolfzielke.de\/wp-content\/uploads\/2026\/02\/Beaches-In-Your-Soul-Cover-rechts-geschnitten-kleiner.jpg 294w, https:\/\/rolfzielke.de\/wp-content\/uploads\/2026\/02\/Beaches-In-Your-Soul-Cover-rechts-geschnitten-kleiner-150x150.jpg 150w, https:\/\/rolfzielke.de\/wp-content\/uploads\/2026\/02\/Beaches-In-Your-Soul-Cover-rechts-geschnitten-kleiner-180x180.jpg 180w\" sizes=\"auto, (max-width: 294px) 100vw, 294px\" \/><\/figure><div class=\"wp-block-media-text__content\">\n<h5 class=\"wp-block-heading has-dark-pink-color has-text-color\">Beaches In Your Soul&nbsp;&nbsp;&nbsp;&nbsp;<\/h5>\n\n\n\n<p><em>Rolf Zielke &nbsp;&nbsp;&nbsp;&nbsp;&nbsp;&nbsp;&nbsp;&nbsp;&nbsp;&nbsp;&nbsp;&nbsp;&nbsp;&nbsp;&nbsp;&nbsp; \u2013 piano, clavichord, rhodes, keys, whistle<br>Benny Brown&nbsp;&nbsp;&nbsp;&nbsp;&nbsp;&nbsp;&nbsp;&nbsp;&nbsp;&nbsp;&nbsp;&nbsp;&nbsp; \u2013 trumpet, flugelhorn<br>Stephan Abel &nbsp;&nbsp;&nbsp;&nbsp;&nbsp;&nbsp;&nbsp;&nbsp;&nbsp;&nbsp;&nbsp;&nbsp; \u2013 saxophone, clarinet, alto flute<br>Stephan Braun &nbsp;&nbsp;&nbsp;&nbsp;&nbsp;&nbsp;&nbsp;&nbsp;&nbsp; \u2013 5-string cello<br>Mohannad Nasser &nbsp;&nbsp;&nbsp;&nbsp;\u2013 oud<br>Mustafa Bozt\u00fcy &nbsp;&nbsp;&nbsp;&nbsp;&nbsp;&nbsp;&nbsp;&nbsp; \u2013 darbouka, bendir, udu<br>Rainer Winch &nbsp;&nbsp;&nbsp;&nbsp;&nbsp;&nbsp;&nbsp;&nbsp;&nbsp;&nbsp;&nbsp;&nbsp; \u2013 drums<br>Friedhelm May&nbsp;&nbsp;&nbsp;&nbsp;&nbsp;&nbsp;&nbsp;&nbsp;&nbsp;&nbsp; \u2013 timpani<\/em><\/p>\n<\/div><\/div>\n\n\n\n<div class=\"wp-block-media-text alignwide is-stacked-on-mobile\" style=\"grid-template-columns:23% auto\"><figure class=\"wp-block-media-text__media\"><img loading=\"lazy\" decoding=\"async\" width=\"1024\" height=\"1024\" src=\"http:\/\/rolfzielke.de\/wp-content\/uploads\/2026\/02\/Triometrics-Cover-1024x1024-1.jpg\" alt=\"\" class=\"wp-image-77 size-full\" srcset=\"https:\/\/rolfzielke.de\/wp-content\/uploads\/2026\/02\/Triometrics-Cover-1024x1024-1.jpg 1024w, https:\/\/rolfzielke.de\/wp-content\/uploads\/2026\/02\/Triometrics-Cover-1024x1024-1-300x300.jpg 300w, https:\/\/rolfzielke.de\/wp-content\/uploads\/2026\/02\/Triometrics-Cover-1024x1024-1-150x150.jpg 150w, https:\/\/rolfzielke.de\/wp-content\/uploads\/2026\/02\/Triometrics-Cover-1024x1024-1-768x768.jpg 768w, https:\/\/rolfzielke.de\/wp-content\/uploads\/2026\/02\/Triometrics-Cover-1024x1024-1-640x640.jpg 640w, https:\/\/rolfzielke.de\/wp-content\/uploads\/2026\/02\/Triometrics-Cover-1024x1024-1-180x180.jpg 180w\" sizes=\"auto, (max-width: 1024px) 100vw, 1024px\" \/><\/figure><div class=\"wp-block-media-text__content\">\n<h5 class=\"wp-block-heading has-dark-pink-color has-text-color\">Triometrics&nbsp;&nbsp;&nbsp;&nbsp;&nbsp;&nbsp;<\/h5>\n\n\n\n<p>Rolf Zielke \u2013 piano<br>Stephan Braun \u2013 cello<br>Thomas Alkier \u2013 drums<\/p>\n\n\n\n<p><\/p>\n<\/div><\/div>\n\n\n\n<div class=\"wp-block-media-text alignwide is-stacked-on-mobile\" style=\"grid-template-columns:23% auto\"><figure class=\"wp-block-media-text__media\"><img loading=\"lazy\" decoding=\"async\" width=\"250\" height=\"250\" src=\"http:\/\/rolfzielke.de\/wp-content\/uploads\/2026\/02\/Hot-Impressions-Vol.-2-Cover-250x250-1.jpg\" alt=\"\" class=\"wp-image-79 size-full\" srcset=\"https:\/\/rolfzielke.de\/wp-content\/uploads\/2026\/02\/Hot-Impressions-Vol.-2-Cover-250x250-1.jpg 250w, https:\/\/rolfzielke.de\/wp-content\/uploads\/2026\/02\/Hot-Impressions-Vol.-2-Cover-250x250-1-150x150.jpg 150w, https:\/\/rolfzielke.de\/wp-content\/uploads\/2026\/02\/Hot-Impressions-Vol.-2-Cover-250x250-1-180x180.jpg 180w\" sizes=\"auto, (max-width: 250px) 100vw, 250px\" \/><\/figure><div class=\"wp-block-media-text__content\">\n<h5 class=\"wp-block-heading has-dark-pink-color has-text-color\">Hot Impressions Vol. 2&nbsp;&nbsp;&nbsp;&nbsp;<a rel=\"noreferrer noopener\" href=\"https:\/\/rolfzielke.hearnow.com\/\" target=\"_blank\">Download<\/a><\/h5>\n\n\n\n<p>Rolf Zielke \u2013 piano \/ keys \/ whistling<br>Guilherme Castro \u2013 bass \/ cavaquinho<br>Rolo Rodriguez \u2013 drums \/ percussion<br>Peter Weniger \u2013 soprano sax<\/p>\n\n\n\n<p>Latin American Suite<\/p>\n\n\n\n<p><\/p>\n<\/div><\/div>\n\n\n\n<div class=\"wp-block-media-text alignwide is-vertically-aligned-top is-stacked-on-mobile\" style=\"grid-template-columns:22% auto\"><figure class=\"wp-block-media-text__media\"><img loading=\"lazy\" decoding=\"async\" width=\"640\" height=\"537\" src=\"http:\/\/rolfzielke.de\/wp-content\/uploads\/2026\/02\/Flamethrowers-640x537-1.jpg\" alt=\"\" class=\"wp-image-80 size-full\" srcset=\"https:\/\/rolfzielke.de\/wp-content\/uploads\/2026\/02\/Flamethrowers-640x537-1.jpg 640w, https:\/\/rolfzielke.de\/wp-content\/uploads\/2026\/02\/Flamethrowers-640x537-1-300x252.jpg 300w\" sizes=\"auto, (max-width: 640px) 100vw, 640px\" \/><\/figure><div class=\"wp-block-media-text__content\">\n<h5 class=\"wp-block-heading has-dark-pink-color has-text-color\">Flamethrowers&nbsp;&nbsp;&nbsp;<a rel=\"noreferrer noopener\" href=\"http:\/\/www.cdbaby.com\/cd\/mcmgquartet\" target=\"_blank\">Download<\/a><\/h5>\n\n\n\n<p>Mack Goldsbury \u2013 sax<br>Rolf Zielke \u2013 piano<br>Erik Unsworth \u2013 bass<br>Michael Clifton \u2013 drums<\/p>\n<\/div><\/div>\n\n\n\n<div class=\"wp-block-media-text alignwide is-vertically-aligned-top is-stacked-on-mobile\" style=\"grid-template-columns:23% auto\"><figure class=\"wp-block-media-text__media\"><img loading=\"lazy\" decoding=\"async\" width=\"250\" height=\"347\" src=\"http:\/\/rolfzielke.de\/wp-content\/uploads\/2026\/02\/hasretim.jpg\" alt=\"\" class=\"wp-image-81 size-full\" srcset=\"https:\/\/rolfzielke.de\/wp-content\/uploads\/2026\/02\/hasretim.jpg 250w, https:\/\/rolfzielke.de\/wp-content\/uploads\/2026\/02\/hasretim-216x300.jpg 216w\" sizes=\"auto, (max-width: 250px) 100vw, 250px\" \/><\/figure><div class=\"wp-block-media-text__content\">\n<h5 class=\"wp-block-heading has-dark-pink-color has-text-color\">Hasretim<\/h5>\n\n\n\n<p>Dresdner Sinfoniker und traditionelle Musiker aus der T\u00fcrkei und Armenien \u2013 eine Erkundung musikalischer Wurzeln.Marc Sinan: music, guitars, idea, concept and production; Andrea Molino: arrangement, conductor (DVD only); Jonathan Stockhammer: conductor; Markus Rindt: idea, concept and production;Rolf Zielke: prepared piano; Mustafa Bozt\u00fcy: darbuka, framedrum; \u00d6mer Can Sat\u0131r: kaval; Onur \u015eent\u00fcrk: kemen\u00e7e; Erdem \u015eim\u015fek: saz; Araik Bartikian: duduk, zurna; among other<\/p>\n\n\n\n<p><a href=\"http:\/\/rolfzielke.de\/cds\/besetzung-hasretim\">complete lineup<\/a><br><a href=\"http:\/\/www.ecmrecords.com\/Catalogue\/ECM\/2300\/2330-31.php?lvredir=712&amp;catid=0&amp;doctype=Catalogue&amp;order=releasedate&amp;we_search=%2Bhasretim&amp;rubchooser=202&amp;mainrubchooser=2\" target=\"_blank\" rel=\"noreferrer noopener\">Hasretim CD bestellen<\/a><br><a href=\"http:\/\/player.ecmrecords.com\/marc-sinan---hasretim--journey-to-anatolia\" target=\"_blank\" rel=\"noreferrer noopener\">Hasretim Project Page<\/a><\/p>\n<\/div><\/div>\n\n\n\n<div class=\"wp-block-media-text alignwide is-stacked-on-mobile\" style=\"grid-template-columns:23% auto\"><figure class=\"wp-block-media-text__media\"><img loading=\"lazy\" decoding=\"async\" width=\"250\" height=\"248\" src=\"http:\/\/rolfzielke.de\/wp-content\/uploads\/2026\/02\/duo1.jpg\" alt=\"\" class=\"wp-image-82 size-full\" srcset=\"https:\/\/rolfzielke.de\/wp-content\/uploads\/2026\/02\/duo1.jpg 250w, https:\/\/rolfzielke.de\/wp-content\/uploads\/2026\/02\/duo1-150x150.jpg 150w, https:\/\/rolfzielke.de\/wp-content\/uploads\/2026\/02\/duo1-180x180.jpg 180w\" sizes=\"auto, (max-width: 250px) 100vw, 250px\" \/><\/figure><div class=\"wp-block-media-text__content\">\n<h5 class=\"wp-block-heading has-dark-pink-color has-text-color\">Duo<\/h5>\n\n\n\n<p>Rolfin\u2019Records<br><em>\u201c\u2026 in diesen St\u00fccken \u2026 finden melodische, harmonische, rhythmische Elemente zu einer interaktiven Klangsprache, die vermeintlich<\/em><br><em>un\u00fcberwindbare Schranken in so offener Kommunikation wie entwaffnender \u00dcberzeugungskraft einfach niederspielt.\u201d<\/em><br>(Jazzpodium Okt. 2011)<br>Rolf Zielke \u2013 piano<br>Mustafa Bozt\u00fcy \u2013 oriental percussion<\/p>\n<\/div><\/div>\n\n\n\n<div class=\"wp-block-media-text alignwide is-vertically-aligned-top is-stacked-on-mobile\" style=\"grid-template-columns:23% auto\"><figure class=\"wp-block-media-text__media\"><img loading=\"lazy\" decoding=\"async\" width=\"250\" height=\"240\" src=\"http:\/\/rolfzielke.de\/wp-content\/uploads\/2026\/02\/handel.jpg\" alt=\"\" class=\"wp-image-83 size-full\"\/><\/figure><div class=\"wp-block-media-text__content\">\n<h5 class=\"wp-block-heading has-dark-pink-color has-text-color\"><strong>Handel Jazz<\/strong> <a rel=\"noreferrer noopener\" href=\"http:\/\/www.bauerstudios.de\/de\/data\/shop\/6291\/\" target=\"_blank\">CD bestelle<\/a><a href=\"http:\/\/www.bauerstudios.de\/de\/data\/shop\/6291\/\" target=\"_blank\" rel=\"noreferrer noopener\">n<\/a><\/h5>\n\n\n\n<p>Neuklang NCD4040<br>Barocke Daseinsfreude trifft auf die Sinnlichkeit s\u00fcdamerikanischer Rhythmik \u2013 in der harmonischen Sprache des \u201cContemporary Jazz\u201d.<br>Rolf Zielke \u2013 Piano<br>Stephan Abel \u2013 Sax<br>Stephan Braun \u2013 Cello<br>Rhani Krija \u2013 Perc<br>Guilherme Castro \u2013 Bass<br>Tobias Backhaus \u2013 Drums<\/p>\n<\/div><\/div>\n\n\n\n<div class=\"wp-block-media-text alignwide is-vertically-aligned-top is-stacked-on-mobile\" style=\"grid-template-columns:23% auto\"><figure class=\"wp-block-media-text__media\"><img loading=\"lazy\" decoding=\"async\" width=\"250\" height=\"247\" src=\"http:\/\/rolfzielke.de\/wp-content\/uploads\/2026\/02\/Hot-Impressions3.jpg\" alt=\"\" class=\"wp-image-84 size-full\"\/><\/figure><div class=\"wp-block-media-text__content\">\n<h5 class=\"wp-block-heading has-dark-pink-color has-text-color\"><strong>Hot Impressions<\/strong> <a href=\"mail@rolfzielke.com\" target=\"_blank\" rel=\"noreferrer noopener\">CD bestellen<\/a><\/h5>\n\n\n\n<p><br>Rolf Zielke \u2013 Piano<br>Charlie Mariano \u2013 Sax<br>Guilherme Castro \u2013 Bass<br>Rolo Rodriguez \u2013 Drums<\/p>\n<\/div><\/div>\n\n\n\n<div class=\"wp-block-media-text alignwide is-vertically-aligned-top is-stacked-on-mobile\" style=\"grid-template-columns:23% auto\"><figure class=\"wp-block-media-text__media\"><img loading=\"lazy\" decoding=\"async\" width=\"250\" height=\"235\" src=\"http:\/\/rolfzielke.de\/wp-content\/uploads\/2026\/02\/trio.gif\" alt=\"\" class=\"wp-image-85 size-full\"\/><\/figure><div class=\"wp-block-media-text__content\">\n<h5 class=\"wp-block-heading has-dark-pink-color has-text-color\"><strong>Rolf Zielke Trio feat. Mustafa Bozt\u00fcy<\/strong> <a rel=\"noreferrer noopener\" href=\"http:\/\/www.jazznarts.com\/shop\/rolf-zielke-trio-feat-mustafa-boztuey\/\" target=\"_blank\">CD bestellen<\/a><\/h5>\n\n\n\n<p>Jazz\u2019n Arts Records<br>Contemporary Piano Trio Jazz<br>Rolf Zielke \u2013 piano<br>Pepe Berns \u2013 bass<br>Heinrich K\u00f6bberling \u2013 drums<br>Mustafa Bozt\u00fcy \u2013 oriental percussion<\/p>\n<\/div><\/div>\n\n\n\n<div class=\"wp-block-media-text alignwide is-vertically-aligned-top is-stacked-on-mobile\" style=\"grid-template-columns:23% auto\"><figure class=\"wp-block-media-text__media\"><img loading=\"lazy\" decoding=\"async\" width=\"250\" height=\"242\" src=\"http:\/\/rolfzielke.de\/wp-content\/uploads\/2026\/02\/exosphere.jpg\" alt=\"\" class=\"wp-image-86 size-full\"\/><\/figure><div class=\"wp-block-media-text__content\">\n<h5 class=\"wp-block-heading has-dark-pink-color has-text-color\"><strong>Exosphere<\/strong> <a rel=\"noreferrer noopener\" href=\"mail@rolfzielke.com\" target=\"_blank\">CD bestelle<\/a><a href=\"mail@rolfzielke.com\" target=\"_blank\" rel=\"noreferrer noopener\">n<\/a><\/h5>\n\n\n\n<p>Contemporary Jazz<br>Tobias Schmidt-Relenberg \u2013 sax<br>Rolf Zielke \u2013 piano<br>Mike Stern \u2013 guit<br>Kalle Kalima \u2013 guit<br>Rolf Zielke \u2013 piano<br>Jimmi Rodger Pedersen \u2013 bass<br>Thomas Alkier \u2013 drums<\/p>\n<\/div><\/div>\n\n\n\n<div class=\"wp-block-media-text alignwide is-vertically-aligned-top is-stacked-on-mobile\" style=\"grid-template-columns:23% auto\"><figure class=\"wp-block-media-text__media\"><img loading=\"lazy\" decoding=\"async\" width=\"250\" height=\"250\" src=\"http:\/\/rolfzielke.de\/wp-content\/uploads\/2026\/02\/Blow-Up.jpg\" alt=\"\" class=\"wp-image-87 size-full\" srcset=\"https:\/\/rolfzielke.de\/wp-content\/uploads\/2026\/02\/Blow-Up.jpg 250w, https:\/\/rolfzielke.de\/wp-content\/uploads\/2026\/02\/Blow-Up-150x150.jpg 150w, https:\/\/rolfzielke.de\/wp-content\/uploads\/2026\/02\/Blow-Up-180x180.jpg 180w\" sizes=\"auto, (max-width: 250px) 100vw, 250px\" \/><\/figure><div class=\"wp-block-media-text__content\">\n<h5 class=\"wp-block-heading has-dark-pink-color has-text-color\"><strong>Blow Up<\/strong> <a href=\"mail@rolfzielke.com\" target=\"_blank\" rel=\"noreferrer noopener\">CD bestellen<\/a><\/h5>\n\n\n\n<p>Krzesimir D\u0119bski \u2013 viol<br>Ulita Knaus \u2013 voc<br>Rolf Zielke \u2013 piano<br>Pepe Berns \u2013 bass<br>Mustafa Bozt\u00fcy \u2013 oriental percussion<br>Thomas Hempel \u2013 drums<\/p>\n<\/div><\/div>\n\n\n\n<div class=\"wp-block-media-text alignwide is-vertically-aligned-top is-stacked-on-mobile\" style=\"grid-template-columns:23% auto\"><figure class=\"wp-block-media-text__media\"><img loading=\"lazy\" decoding=\"async\" width=\"250\" height=\"248\" src=\"http:\/\/rolfzielke.de\/wp-content\/uploads\/2026\/02\/shesh.jpg\" alt=\"\" class=\"wp-image-88 size-full\" srcset=\"https:\/\/rolfzielke.de\/wp-content\/uploads\/2026\/02\/shesh.jpg 250w, https:\/\/rolfzielke.de\/wp-content\/uploads\/2026\/02\/shesh-150x150.jpg 150w, https:\/\/rolfzielke.de\/wp-content\/uploads\/2026\/02\/shesh-180x180.jpg 180w\" sizes=\"auto, (max-width: 250px) 100vw, 250px\" \/><\/figure><div class=\"wp-block-media-text__content\">\n<h5 class=\"wp-block-heading has-dark-pink-color has-text-color\"><strong>Shesh<\/strong> <a rel=\"noreferrer noopener\" href=\"mail@rolfzielke.com\" target=\"_blank\">CD bestelle<\/a><a href=\"mail@rolfzielke.com\" target=\"_blank\" rel=\"noreferrer noopener\">n<\/a><\/h5>\n\n\n\n<p>Robert Zollitsch \u2013 zither<br>Rolf Zielke \u2013 piano<br>Tobias Dettbarn \u2013 bass clarinett<br>Dino Dornis \u2013 guit<br>Mustafa Bozt\u00fcy \u2013 oriental percussion<br>Willi Hanne \u2013 drums<\/p>\n<\/div><\/div>\n\n\n\n<p><\/p>\n","protected":false},"excerpt":{"rendered":"<p>Beaches In Your Soul&nbsp;&nbsp;&nbsp;&nbsp; Rolf Zielke &nbsp;&nbsp;&nbsp;&nbsp;&nbsp;&nbsp;&nbsp;&nbsp;&nbsp;&nbsp;&nbsp;&nbsp;&nbsp;&nbsp;&nbsp;&nbsp; \u2013 piano, clavichord, rhodes, keys, whistleBenny Brown&nbsp;&nbsp;&nbsp;&nbsp;&nbsp;&nbsp;&nbsp;&nbsp;&nbsp;&nbsp;&nbsp;&nbsp;&nbsp; \u2013 trumpet, flugelhornStephan Abel &nbsp;&nbsp;&nbsp;&nbsp;&nbsp;&nbsp;&nbsp;&nbsp;&nbsp;&nbsp;&nbsp;&nbsp; \u2013 saxophone, clarinet, alto fluteStephan Braun &nbsp;&nbsp;&nbsp;&nbsp;&nbsp;&nbsp;&nbsp;&nbsp;&nbsp; \u2013 5-string celloMohannad Nasser<\/p>\n<p class=\"more-link\"><a href=\"https:\/\/rolfzielke.de\/?page_id=29\" class=\"readmore\">Continue reading<span class=\"screen-reader-text\">CDs<\/span><\/a><\/p>\n","protected":false},"author":1,"featured_media":0,"parent":0,"menu_order":0,"comment_status":"closed","ping_status":"closed","template":"","meta":{"footnotes":""},"class_list":["post-29","page","type-page","status-publish","hentry"],"_links":{"self":[{"href":"https:\/\/rolfzielke.de\/index.php?rest_route=\/wp\/v2\/pages\/29","targetHints":{"allow":["GET"]}}],"collection":[{"href":"https:\/\/rolfzielke.de\/index.php?rest_route=\/wp\/v2\/pages"}],"about":[{"href":"https:\/\/rolfzielke.de\/index.php?rest_route=\/wp\/v2\/types\/page"}],"author":[{"embeddable":true,"href":"https:\/\/rolfzielke.de\/index.php?rest_route=\/wp\/v2\/users\/1"}],"replies":[{"embeddable":true,"href":"https:\/\/rolfzielke.de\/index.php?rest_route=%2Fwp%2Fv2%2Fcomments&post=29"}],"version-history":[{"count":8,"href":"https:\/\/rolfzielke.de\/index.php?rest_route=\/wp\/v2\/pages\/29\/revisions"}],"predecessor-version":[{"id":135,"href":"https:\/\/rolfzielke.de\/index.php?rest_route=\/wp\/v2\/pages\/29\/revisions\/135"}],"wp:attachment":[{"href":"https:\/\/rolfzielke.de\/index.php?rest_route=%2Fwp%2Fv2%2Fmedia&parent=29"}],"curies":[{"name":"wp","href":"https:\/\/api.w.org\/{rel}","templated":true}]}}